{"id":1576,"date":"2024-06-17T16:10:02","date_gmt":"2024-06-17T14:10:02","guid":{"rendered":"https:\/\/www.dwl-wolf.de\/produkte\/"},"modified":"2024-10-18T12:53:07","modified_gmt":"2024-10-18T10:53:07","slug":"produkte","status":"publish","type":"page","link":"https:\/\/www.dwl-wolf.de\/en\/produkte\/","title":{"rendered":"Products"},"content":{"rendered":"\t\t<div data-elementor-type=\"wp-page\" data-elementor-id=\"1576\" class=\"elementor elementor-1576 elementor-77\" data-elementor-post-type=\"page\">\n\t\t\t\t<div class=\"elementor-element elementor-element-55d3fcd e-con-full e-flex e-con e-parent\" data-id=\"55d3fcd\" data-element_type=\"container\" data-e-type=\"container\" data-settings=\"{&quot;jet_parallax_layout_list&quot;:[]}\">\n\t\t\t\t<div class=\"elementor-element elementor-element-116c39b hero elementor-widget elementor-widget-Kacheln\" data-id=\"116c39b\" data-element_type=\"widget\" data-e-type=\"widget\" data-widget_type=\"Kacheln.default\">\n\t\t\t\t<div class=\"elementor-widget-container\">\n\t\t\t\t\t<div class=\"kacheln-container\"><div class=\"kachel\" style=\"background-image: url(https:\/\/www.dwl-wolf.de\/wp-content\/uploads\/2024\/06\/ProdukteBlockkopfisolationen.jpg)\"><div class=\"kachel-content\"><span class=\"kachel-title\">Hot-top insulation<\/span><p class=\"kachel-text\"><\/p><a href=\"https:\/\/www.dwl-wolf.de\/produkte\/blockkopfisolationen\/\" class=\"kachel-link\">Mehr erfahren<\/a><\/div><\/div><div class=\"kachel\" style=\"background-image: url(https:\/\/www.dwl-wolf.de\/wp-content\/uploads\/2024\/06\/ProdukteLuputop-2.jpg)\"><div class=\"kachel-content\"><span class=\"kachel-title\">LUPUTOP\u00ae<br>Slag binder<\/span><p class=\"kachel-text\"><\/p><a href=\"https:\/\/www.dwl-wolf.de\/produkte\/luputop\/\" class=\"kachel-link\">Mehr erfahren<\/a><\/div><\/div><div class=\"kachel\" style=\"background-image: url(https:\/\/www.dwl-wolf.de\/wp-content\/uploads\/2024\/06\/ProdukteGiessereiwerkzeuge-1.jpg)\"><div class=\"kachel-content\"><span class=\"kachel-title\">Foundry tools<\/span><p class=\"kachel-text\"><\/p><a href=\"https:\/\/www.dwl-wolf.de\/produkte\/giesserei-schmiedewerkzeuge\/\" class=\"kachel-link\">Mehr erfahren<\/a><\/div><\/div><div class=\"kachel\" style=\"background-image: url(https:\/\/www.dwl-wolf.de\/wp-content\/uploads\/2024\/06\/ProdukteOfenschablonen-2.jpg)\"><div class=\"kachel-content\"><span class=\"kachel-title\">Ramming forms<\/span><p class=\"kachel-text\"><\/p><a href=\"https:\/\/www.dwl-wolf.de\/produkte\/ofenschablonen\/\" class=\"kachel-link\">Mehr erfahren<\/a><\/div><\/div><\/div>\t\t\t\t<\/div>\n\t\t\t\t<\/div>\n\t\t\t\t<\/div>\n\t\t<div class=\"elementor-element elementor-element-9682fcd e-flex e-con-boxed e-con e-parent\" data-id=\"9682fcd\" data-element_type=\"container\" data-e-type=\"container\" data-settings=\"{&quot;jet_parallax_layout_list&quot;:[]}\">\n\t\t\t\t\t<div class=\"e-con-inner\">\n\t\t\t\t<div class=\"elementor-element elementor-element-08c92ec elementor-widget elementor-widget-shortcode\" data-id=\"08c92ec\" data-element_type=\"widget\" data-e-type=\"widget\" data-widget_type=\"shortcode.default\">\n\t\t\t\t<div class=\"elementor-widget-container\">\n\t\t\t\t\t\t\t<div class=\"elementor-shortcode\"><nav aria-label=\"breadcrumbs\" class=\"rank-math-breadcrumb\"><p><span class=\"label\">You are here:<\/span> <span class=\"last\">Start<\/span><\/p><\/nav><\/div>\n\t\t\t\t\t\t<\/div>\n\t\t\t\t<\/div>\n\t\t\t\t\t<\/div>\n\t\t\t\t<\/div>\n\t\t<div class=\"elementor-element elementor-element-3911585 e-flex e-con-boxed e-con e-parent\" data-id=\"3911585\" data-element_type=\"container\" data-e-type=\"container\" data-settings=\"{&quot;jet_parallax_layout_list&quot;:[]}\">\n\t\t\t\t\t<div class=\"e-con-inner\">\n\t\t<div class=\"elementor-element elementor-element-c65421c e-con-full e-flex e-con e-child\" data-id=\"c65421c\" data-element_type=\"container\" data-e-type=\"container\" data-settings=\"{&quot;jet_parallax_layout_list&quot;:[]}\">\n\t\t\t\t<div class=\"elementor-element elementor-element-d3bc565 elementor-widget elementor-widget-heading\" data-id=\"d3bc565\" data-element_type=\"widget\" data-e-type=\"widget\" data-widget_type=\"heading.default\">\n\t\t\t\t<div class=\"elementor-widget-container\">\n\t\t\t\t\t<h2 class=\"elementor-heading-title elementor-size-default\">Products by DWL-Wolf:<\/h2>\t\t\t\t<\/div>\n\t\t\t\t<\/div>\n\t\t\t\t<div class=\"elementor-element elementor-element-0ed3903 elementor-widget elementor-widget-heading\" data-id=\"0ed3903\" data-element_type=\"widget\" data-e-type=\"widget\" data-widget_type=\"heading.default\">\n\t\t\t\t<div class=\"elementor-widget-container\">\n\t\t\t\t\t<h3 class=\"elementor-heading-title elementor-size-default\">Reliable for the Steel and Foundry Industry<\/h3>\t\t\t\t<\/div>\n\t\t\t\t<\/div>\n\t\t\t\t<\/div>\n\t\t<div class=\"elementor-element elementor-element-56a1111 e-con-full e-flex e-con e-child\" data-id=\"56a1111\" data-element_type=\"container\" data-e-type=\"container\" data-settings=\"{&quot;jet_parallax_layout_list&quot;:[]}\">\n\t\t\t\t<div class=\"elementor-element elementor-element-393a58c elementor-widget elementor-widget-text-editor\" data-id=\"393a58c\" data-element_type=\"widget\" data-e-type=\"widget\" data-widget_type=\"text-editor.default\">\n\t\t\t\t<div class=\"elementor-widget-container\">\n\t\t\t\t\t\t\t\t\t<p>We pride ourselves on being a reliable partner to the steel and foundry industry.<\/p><p>Our headquarters and administrative center in L\u00fcdenscheid is the heart of our production, where we manufacture sheet metal products, including <strong><a href=\"https:\/\/www.dwl-wolf.de\/en\/produkte\/ofenschablonen\/\">ramming forms<\/a><\/strong>, which are essential for the refractory lining of induction furnaces.<\/p><p>At our second plant in L\u00fcdenscheid, we focus on the production of <a href=\"https:\/\/www.dwl-wolf.de\/en\/produkte\/giesserei-schmiedewerkzeuge\/\"><strong>forged foundry tools<\/strong><\/a>, which can also be customized to meet our customers&#8217; individual requirements.<\/p><p>Our third production plant in Niederkr\u00fcchten specializes in insulating and exothermic <a href=\"https:\/\/www.dwl-wolf.de\/en\/produkte\/blockkopfisolationen\/\"><strong>products for hot-top insulation<\/strong><\/a> in ingot casting as well as for foundries. These include <a href=\"https:\/\/www.dwl-wolf.de\/en\/produkte\/blockkopfisolationen\/\"><strong>insulating feeders, lining-chains, and exothermic covering boards (caps)<\/strong><\/a> that are tailored precisely to the needs of our customers.<\/p><p>At DWL-WOLF, each product is individually adapted to the requirements of our customers. Our dedicated team of 30 employees receive regular in-house training to ensure that we are always up to date &#8211; be it in terms of quality or new product developments. This way, our customers can continue to rely on us as a competent partner, now and in the future.<\/p>\t\t\t\t\t\t\t\t<\/div>\n\t\t\t\t<\/div>\n\t\t\t\t<\/div>\n\t\t\t\t\t<\/div>\n\t\t\t\t<\/div>\n\t\t\t\t<\/div>\n\t\t","protected":false},"excerpt":{"rendered":"<p>Wir bei DWL-WOLF GmbH sind stolz darauf, ein verl\u00e4sslicher Partner f\u00fcr die Stahl- und Gie\u00dfereiindustrie zu sein, mit drei Betriebsst\u00e4tten, die unsere breite Produktpalette unterst\u00fctzen.<\/p>\n<p>Unser Haupt- und Verwaltungssitz in L\u00fcdenscheid ist das Herzst\u00fcck unserer Produktion, wo wir Blechprodukte fertigen, darunter Einschmelzzylinder und Stampfschablonen, die f\u00fcr die Feuerfestzustellung von Induktionsschmelz\u00f6fen unentbehrlich sind.<\/p>\n","protected":false},"author":1,"featured_media":0,"parent":0,"menu_order":0,"comment_status":"closed","ping_status":"closed","template":"","meta":{"footnotes":""},"class_list":["post-1576","page","type-page","status-publish","hentry"],"_links":{"self":[{"href":"https:\/\/www.dwl-wolf.de\/en\/wp-json\/wp\/v2\/pages\/1576","targetHints":{"allow":["GET"]}}],"collection":[{"href":"https:\/\/www.dwl-wolf.de\/en\/wp-json\/wp\/v2\/pages"}],"about":[{"href":"https:\/\/www.dwl-wolf.de\/en\/wp-json\/wp\/v2\/types\/page"}],"author":[{"embeddable":true,"href":"https:\/\/www.dwl-wolf.de\/en\/wp-json\/wp\/v2\/users\/1"}],"replies":[{"embeddable":true,"href":"https:\/\/www.dwl-wolf.de\/en\/wp-json\/wp\/v2\/comments?post=1576"}],"version-history":[{"count":27,"href":"https:\/\/www.dwl-wolf.de\/en\/wp-json\/wp\/v2\/pages\/1576\/revisions"}],"predecessor-version":[{"id":2149,"href":"https:\/\/www.dwl-wolf.de\/en\/wp-json\/wp\/v2\/pages\/1576\/revisions\/2149"}],"wp:attachment":[{"href":"https:\/\/www.dwl-wolf.de\/en\/wp-json\/wp\/v2\/media?parent=1576"}],"curies":[{"name":"wp","href":"https:\/\/api.w.org\/{rel}","templated":true}]}}