{"id":1569,"date":"2024-06-18T14:47:10","date_gmt":"2024-06-18T12:47:10","guid":{"rendered":"https:\/\/www.dwl-wolf.de\/giesserei-schmiedewerkzeuge\/"},"modified":"2026-01-16T10:26:31","modified_gmt":"2026-01-16T09:26:31","slug":"giesserei-schmiedewerkzeuge","status":"publish","type":"page","link":"https:\/\/www.dwl-wolf.de\/en\/produkte\/giesserei-schmiedewerkzeuge\/","title":{"rendered":"Foundry &#038; Forging Tools"},"content":{"rendered":"\t\t<div data-elementor-type=\"wp-page\" data-elementor-id=\"1569\" class=\"elementor elementor-1569 elementor-141\" data-elementor-post-type=\"page\">\n\t\t\t\t<div class=\"elementor-element elementor-element-9717ebe e-flex e-con-boxed e-con e-parent\" data-id=\"9717ebe\" data-element_type=\"container\" data-e-type=\"container\" data-settings=\"{&quot;background_background&quot;:&quot;classic&quot;,&quot;jet_parallax_layout_list&quot;:[]}\">\n\t\t\t\t\t<div class=\"e-con-inner\">\n\t\t<div class=\"elementor-element elementor-element-b21933e e-con-full e-flex e-con e-child\" data-id=\"b21933e\" data-element_type=\"container\" data-e-type=\"container\" data-settings=\"{&quot;jet_parallax_layout_list&quot;:[]}\">\n\t\t\t\t<div class=\"elementor-element elementor-element-0470864 animated-fast elementor-invisible elementor-widget elementor-widget-image\" data-id=\"0470864\" data-element_type=\"widget\" data-e-type=\"widget\" data-settings=\"{&quot;_animation&quot;:&quot;fadeInDown&quot;,&quot;_animation_delay&quot;:0}\" data-widget_type=\"image.default\">\n\t\t\t\t<div class=\"elementor-widget-container\">\n\t\t\t\t\t\t\t\t\t\t\t\t\t\t\t<img loading=\"lazy\" decoding=\"async\" width=\"1\" height=\"1\" src=\"https:\/\/www.dwl-wolf.de\/wp-content\/uploads\/2024\/06\/Schmieden.svg\" class=\"attachment-large size-large wp-image-375\" alt=\"\" \/>\t\t\t\t\t\t\t\t\t\t\t\t\t\t\t<\/div>\n\t\t\t\t<\/div>\n\t\t\t\t<\/div>\n\t\t\t\t<div class=\"elementor-element elementor-element-7c1db5e elementor-widget elementor-widget-heading\" data-id=\"7c1db5e\" data-element_type=\"widget\" data-e-type=\"widget\" data-widget_type=\"heading.default\">\n\t\t\t\t<div class=\"elementor-widget-container\">\n\t\t\t\t\t<h1 class=\"elementor-heading-title elementor-size-default\">Foundry tools<\/h1>\t\t\t\t<\/div>\n\t\t\t\t<\/div>\n\t\t\t\t\t<\/div>\n\t\t\t\t<\/div>\n\t\t<div class=\"elementor-element elementor-element-7d7fc9d e-flex e-con-boxed e-con e-parent\" data-id=\"7d7fc9d\" data-element_type=\"container\" data-e-type=\"container\" data-settings=\"{&quot;jet_parallax_layout_list&quot;:[]}\">\n\t\t\t\t\t<div class=\"e-con-inner\">\n\t\t\t\t<div class=\"elementor-element elementor-element-d8771bf elementor-widget elementor-widget-shortcode\" data-id=\"d8771bf\" data-element_type=\"widget\" data-e-type=\"widget\" data-widget_type=\"shortcode.default\">\n\t\t\t\t<div class=\"elementor-widget-container\">\n\t\t\t\t\t\t\t<div class=\"elementor-shortcode\"><nav aria-label=\"breadcrumbs\" class=\"rank-math-breadcrumb\"><p><span class=\"label\">You are here:<\/span> <span class=\"last\">Start<\/span><\/p><\/nav><\/div>\n\t\t\t\t\t\t<\/div>\n\t\t\t\t<\/div>\n\t\t\t\t\t<\/div>\n\t\t\t\t<\/div>\n\t\t<div class=\"elementor-element elementor-element-e1ae1f3 e-flex e-con-boxed e-con e-parent\" data-id=\"e1ae1f3\" data-element_type=\"container\" data-e-type=\"container\" data-settings=\"{&quot;jet_parallax_layout_list&quot;:[]}\">\n\t\t\t\t\t<div class=\"e-con-inner\">\n\t\t<div class=\"elementor-element elementor-element-24858ec e-con-full e-flex e-con e-child\" data-id=\"24858ec\" data-element_type=\"container\" data-e-type=\"container\" data-settings=\"{&quot;jet_parallax_layout_list&quot;:[]}\">\n\t\t\t\t<div class=\"elementor-element elementor-element-dc94523 elementor-widget elementor-widget-heading\" data-id=\"dc94523\" data-element_type=\"widget\" data-e-type=\"widget\" data-widget_type=\"heading.default\">\n\t\t\t\t<div class=\"elementor-widget-container\">\n\t\t\t\t\t<h2 class=\"elementor-heading-title elementor-size-default\">Our Key Principles: Precision and know-how<\/h2>\t\t\t\t<\/div>\n\t\t\t\t<\/div>\n\t\t\t\t<div class=\"elementor-element elementor-element-4683797 elementor-widget elementor-widget-image\" data-id=\"4683797\" data-element_type=\"widget\" data-e-type=\"widget\" data-widget_type=\"image.default\">\n\t\t\t\t<div class=\"elementor-widget-container\">\n\t\t\t\t\t\t\t\t\t\t\t\t\t\t\t<img loading=\"lazy\" decoding=\"async\" width=\"800\" height=\"796\" src=\"https:\/\/www.dwl-wolf.de\/wp-content\/uploads\/2024\/08\/giessereiwerkzeuge.jpg\" class=\"attachment-large size-large wp-image-1351\" alt=\"Gie\u00dfereiwerkzeuge: Gie\u00dfl\u00f6ffel, Absch\u00e4umer, Gie\u00dfereizangen\" srcset=\"https:\/\/www.dwl-wolf.de\/wp-content\/uploads\/2024\/08\/giessereiwerkzeuge.jpg 905w, https:\/\/www.dwl-wolf.de\/wp-content\/uploads\/2024\/08\/giessereiwerkzeuge-300x298.jpg 300w, https:\/\/www.dwl-wolf.de\/wp-content\/uploads\/2024\/08\/giessereiwerkzeuge-150x150.jpg 150w, https:\/\/www.dwl-wolf.de\/wp-content\/uploads\/2024\/08\/giessereiwerkzeuge-768x764.jpg 768w\" sizes=\"auto, (max-width: 800px) 100vw, 800px\" \/>\t\t\t\t\t\t\t\t\t\t\t\t\t\t\t<\/div>\n\t\t\t\t<\/div>\n\t\t\t\t<\/div>\n\t\t<div class=\"elementor-element elementor-element-d874248 e-con-full e-flex e-con e-child\" data-id=\"d874248\" data-element_type=\"container\" data-e-type=\"container\" data-settings=\"{&quot;jet_parallax_layout_list&quot;:[]}\">\n\t\t\t\t<div class=\"elementor-element elementor-element-b7bfe05 elementor-widget elementor-widget-text-editor\" data-id=\"b7bfe05\" data-element_type=\"widget\" data-e-type=\"widget\" data-widget_type=\"text-editor.default\">\n\t\t\t\t<div class=\"elementor-widget-container\">\n\t\t\t\t\t\t\t\t\t<h5><span style=\"color: #154194;\">FOUNDRY TOOLS<\/span><\/h5>\n<p>We supply forged foundry tools in various designs and temperature resistances: Pouring ladles, skimmers, crucible scrapers, dipping plungers, casting tongs, etc.<\/p>\n<p><span style=\"color: #154194;\"><strong>POURING LADLES<\/strong><\/span><\/p>\n<ul>\n<li>with or without handle<\/li>\n<li>diameter from 60 to 300 mm<\/li>\n<li>wall thickness from 2 to 10 mm<\/li>\n<li>in qualities A, B, or C, depending on the temperature of the melt<\/li>\n<\/ul>\n<p><strong><span style=\"color: #154194;\"><br \/>\nSKIMMERS<\/span><\/strong><\/p>\n<ul>\n<li>with round or angular stub handle<\/li>\n<li>with holes from 8 to 16 mm diameter<\/li>\n<li>wall thickness from 6 to 10 mm<\/li>\n<li>in qualities A, B, or C, depending on the temperature of the melt<\/li>\n<\/ul>\n<p><strong><span style=\"color: #154194;\"><br \/>\nPLUNGERS<\/span><br \/>\n<\/strong><\/p>\n<ul>\n<li>1\/2 or 1\/3 in depth<\/li>\n<li>100 to 250 mm diameter<\/li>\n<li>optionally with 1.000 mm round-steel-handle<\/li>\n<li>different hole patterns available<\/li>\n<\/ul>\n<p><strong><span style=\"color: #154194;\"><br \/>\nFOUNDRY TONGS &amp; CRUCIBLE SCRAPERS<\/span><\/strong><\/p>\n\t\t\t\t\t\t\t\t<\/div>\n\t\t\t\t<\/div>\n\t\t\t\t<div class=\"elementor-element elementor-element-47ae515 elementor-widget elementor-widget-text-editor\" data-id=\"47ae515\" data-element_type=\"widget\" data-e-type=\"widget\" data-widget_type=\"text-editor.default\">\n\t\t\t\t<div class=\"elementor-widget-container\">\n\t\t\t\t\t\t\t\t\t<p>STEEL QUALITIES<br \/>Quality A: Standard quality, heat-resistant up to 1.000 \u00b0C<br \/>Quality B: Chrome-Al-Steel, heat-resistant up to 1.200 \u00b0C<br \/>Quality C: Chrome-Nickel-Steel, heat resistant up to 1.400 \u00b0C<\/p>\n\t\t\t\t\t\t\t\t<\/div>\n\t\t\t\t<\/div>\n\t\t\t\t<\/div>\n\t\t\t\t\t<\/div>\n\t\t\t\t<\/div>\n\t\t<div class=\"elementor-element elementor-element-f8f223e e-con-full e-flex e-con e-parent\" data-id=\"f8f223e\" data-element_type=\"container\" data-e-type=\"container\" data-settings=\"{&quot;jet_parallax_layout_list&quot;:[]}\">\n\t\t\t\t<div class=\"elementor-element elementor-element-095746e elementor-widget elementor-widget-Kacheln\" data-id=\"095746e\" data-element_type=\"widget\" data-e-type=\"widget\" data-widget_type=\"Kacheln.default\">\n\t\t\t\t<div class=\"elementor-widget-container\">\n\t\t\t\t\t<div class=\"kacheln-container\"><div class=\"kachel\" style=\"background-image: url(https:\/\/www.dwl-wolf.de\/wp-content\/uploads\/2024\/07\/Schmieden1.jpg)\"><div class=\"kachel-content\"><span class=\"kachel-title\"><\/span><p class=\"kachel-text\"><\/p><a href=\"https:\/\/www.dwl-wolf.de\/produktion#schmieden\" class=\"kachel-link\">Mehr erfahren<\/a><\/div><\/div><div class=\"kachel\" style=\"background-image: url(https:\/\/www.dwl-wolf.de\/wp-content\/uploads\/2024\/07\/Schmieden2.jpg)\"><div class=\"kachel-content\"><span class=\"kachel-title\"><\/span><p class=\"kachel-text\"><\/p><a href=\"https:\/\/www.dwl-wolf.de\/produktion#schmieden\" class=\"kachel-link\">Mehr erfahren<\/a><\/div><\/div><div class=\"kachel\" style=\"background-image: url(https:\/\/www.dwl-wolf.de\/wp-content\/uploads\/2024\/07\/Schmieden3.jpg)\"><div class=\"kachel-content\"><span class=\"kachel-title\"><\/span><p class=\"kachel-text\"><\/p><a href=\"https:\/\/www.dwl-wolf.de\/produktion#schmieden\" class=\"kachel-link\">Mehr erfahren<\/a><\/div><\/div><div class=\"kachel\" style=\"background-image: url(https:\/\/www.dwl-wolf.de\/wp-content\/uploads\/2024\/07\/Schmieden4.jpg)\"><div class=\"kachel-content\"><span class=\"kachel-title\"><\/span><p class=\"kachel-text\"><\/p><a href=\"https:\/\/www.dwl-wolf.de\/produktion#schmieden\" class=\"kachel-link\">Mehr erfahren<\/a><\/div><\/div><\/div>\t\t\t\t<\/div>\n\t\t\t\t<\/div>\n\t\t\t\t<\/div>\n\t\t\t\t<\/div>\n\t\t","protected":false},"excerpt":{"rendered":"<p>Foundry tools Our Key Principles: Precision and know-how FOUNDRY TOOLS We supply forged foundry tools in various designs and temperature resistances: Pouring ladles, skimmers, crucible scrapers, dipping plungers, casting tongs, etc. POURING LADLES with or without handle diameter from 60 to 300 mm wall thickness from 2 to 10 mm in qualities A, B, or [&hellip;]<\/p>\n","protected":false},"author":1,"featured_media":0,"parent":1576,"menu_order":0,"comment_status":"closed","ping_status":"closed","template":"","meta":{"footnotes":""},"class_list":["post-1569","page","type-page","status-publish","hentry"],"_links":{"self":[{"href":"https:\/\/www.dwl-wolf.de\/en\/wp-json\/wp\/v2\/pages\/1569","targetHints":{"allow":["GET"]}}],"collection":[{"href":"https:\/\/www.dwl-wolf.de\/en\/wp-json\/wp\/v2\/pages"}],"about":[{"href":"https:\/\/www.dwl-wolf.de\/en\/wp-json\/wp\/v2\/types\/page"}],"author":[{"embeddable":true,"href":"https:\/\/www.dwl-wolf.de\/en\/wp-json\/wp\/v2\/users\/1"}],"replies":[{"embeddable":true,"href":"https:\/\/www.dwl-wolf.de\/en\/wp-json\/wp\/v2\/comments?post=1569"}],"version-history":[{"count":25,"href":"https:\/\/www.dwl-wolf.de\/en\/wp-json\/wp\/v2\/pages\/1569\/revisions"}],"predecessor-version":[{"id":2993,"href":"https:\/\/www.dwl-wolf.de\/en\/wp-json\/wp\/v2\/pages\/1569\/revisions\/2993"}],"up":[{"embeddable":true,"href":"https:\/\/www.dwl-wolf.de\/en\/wp-json\/wp\/v2\/pages\/1576"}],"wp:attachment":[{"href":"https:\/\/www.dwl-wolf.de\/en\/wp-json\/wp\/v2\/media?parent=1569"}],"curies":[{"name":"wp","href":"https:\/\/api.w.org\/{rel}","templated":true}]}}